{"id":101,"date":"2026-02-13T18:25:12","date_gmt":"2026-02-13T15:25:12","guid":{"rendered":"https:\/\/sanalgaleri.ibu.edu.tr\/?page_id=101"},"modified":"2026-03-24T21:36:38","modified_gmt":"2026-03-24T18:36:38","slug":"hakkinda","status":"publish","type":"page","link":"https:\/\/sanalgaleri.ibu.edu.tr\/en\/hakkinda\/","title":{"rendered":"About"},"content":{"rendered":"<p>[et_pb_section fb_built=&#8221;1&#8243; _builder_version=&#8221;4.27.6&#8243; _module_preset=&#8221;default&#8221; background_color=&#8221;#515151&#8243; custom_padding=&#8221;6px||6px||true|&#8221; hover_enabled=&#8221;0&#8243; global_module=&#8221;167&#8243; saved_tabs=&#8221;all&#8221; locked=&#8221;off&#8221; global_colors_info=&#8221;{}&#8221; sticky_enabled=&#8221;0&#8243;][et_pb_row column_structure=&#8221;1_3,2_3&#8243; _builder_version=&#8221;4.27.5&#8243; _module_preset=&#8221;default&#8221; custom_padding=&#8221;11px||22px||false|false&#8221; global_colors_info=&#8221;{}&#8221;][et_pb_column type=&#8221;1_3&#8243; _builder_version=&#8221;4.27.5&#8243; _module_preset=&#8221;default&#8221; global_colors_info=&#8221;{}&#8221;][et_pb_image src=&#8221;https:\/\/sanalgaleri.ibu.edu.tr\/wp-content\/uploads\/2026\/02\/logo-w-home.svg&#8221; title_text=&#8221;logo-w-home&#8221; module_id=&#8221;logo&#8221; _builder_version=&#8221;4.27.5&#8243; _module_preset=&#8221;default&#8221; width=&#8221;90%&#8221; global_colors_info=&#8221;{}&#8221;][\/et_pb_image][et_pb_image src=&#8221;https:\/\/sanalgaleri.ibu.edu.tr\/wp-content\/uploads\/2026\/02\/logo-w-home.svg&#8221; title_text=&#8221;logo-w-home&#8221; _builder_version=&#8221;4.27.6&#8243; _module_preset=&#8221;default&#8221; width=&#8221;60%&#8221; custom_margin=&#8221;-13px||||false|false&#8221; hover_enabled=&#8221;0&#8243; global_colors_info=&#8221;{}&#8221; disabled_on=&#8221;on|off|off&#8221; sticky_enabled=&#8221;0&#8243;][\/et_pb_image][\/et_pb_column][et_pb_column type=&#8221;2_3&#8243; _builder_version=&#8221;4.27.5&#8243; _module_preset=&#8221;default&#8221; global_colors_info=&#8221;{}&#8221;][et_pb_menu menu_style=&#8221;centered&#8221; active_link_color=&#8221;#FFFFFF&#8221; dropdown_menu_bg_color=&#8221;#515151&#8243; dropdown_menu_line_color=&#8221;#f2f2f2&#8243; dropdown_menu_text_color=&#8221;#f2f2f2&#8243; dropdown_menu_active_link_color=&#8221;#f2f2f2&#8243; mobile_menu_bg_color=&#8221;#515151&#8243; mobile_menu_text_color=&#8221;#f2f2f2&#8243; cart_icon_color=&#8221;#FFFFFF&#8221; search_icon_color=&#8221;#FFFFFF&#8221; menu_icon_color=&#8221;#f2f2f2&#8243; _builder_version=&#8221;4.27.6&#8243; _module_preset=&#8221;default&#8221; menu_font=&#8221;Titillium Web||||||||&#8221; menu_text_color=&#8221;rgba(255,255,255,0.6)&#8221; menu_font_size=&#8221;15px&#8221; background_enable_color=&#8221;off&#8221; custom_margin=&#8221;22px||||false|false&#8221; global_colors_info=&#8221;{}&#8221; custom_margin_last_edited=&#8221;on|phone&#8221; custom_margin_phone=&#8221;-22px||||false|false&#8221; custom_margin_tablet=&#8221;22px||||false|false&#8221;][\/et_pb_menu][\/et_pb_column][\/et_pb_row][\/et_pb_section][et_pb_section fb_built=&#8221;1&#8243; _builder_version=&#8221;4.27.5&#8243; _module_preset=&#8221;default&#8221; background_color=&#8221;#e8e8e8&#8243; custom_padding=&#8221;25px|||||&#8221; global_colors_info=&#8221;{}&#8221;][et_pb_row _builder_version=&#8221;4.27.5&#8243; _module_preset=&#8221;default&#8221; global_colors_info=&#8221;{}&#8221;][et_pb_column type=&#8221;4_4&#8243; _builder_version=&#8221;4.27.5&#8243; _module_preset=&#8221;default&#8221; global_colors_info=&#8221;{}&#8221;][et_pb_text _builder_version=&#8221;4.27.5&#8243; _module_preset=&#8221;default&#8221; text_font=&#8221;Titillium Web|600|||||||&#8221; text_text_color=&#8221;#383838&#8243; text_font_size=&#8221;28px&#8221; text_line_height=&#8221;2.1em&#8221; custom_margin=&#8221;3px||17px||false|false&#8221; text_font_size_tablet=&#8221;28px&#8221; text_font_size_phone=&#8221;28px&#8221; text_font_size_last_edited=&#8221;on|desktop&#8221; locked=&#8221;off&#8221; global_colors_info=&#8221;{}&#8221;]<\/p>\n<p style=\"text-align: left;\">Proje K\u00fcnyesi<\/p>\n<p>[\/et_pb_text][et_pb_text _builder_version=&#8221;4.27.5&#8243; _module_preset=&#8221;default&#8221; text_font=&#8221;Titillium Web||||||||&#8221; text_text_color=&#8221;#000000&#8243; text_font_size=&#8221;16px&#8221; text_line_height=&#8221;2.1em&#8221; custom_margin=&#8221;14px||||false|false&#8221; text_font_size_tablet=&#8221;16px&#8221; text_font_size_phone=&#8221;14px&#8221; text_font_size_last_edited=&#8221;on|phone&#8221; locked=&#8221;off&#8221; global_colors_info=&#8221;{}&#8221;]<\/p>\n<p style=\"text-align: justify;\"><strong><span style=\"color: #383838;\">Proje Kodu: <\/span><\/strong>2025-SOS-019<\/p>\n<p style=\"text-align: justify;\"><strong><span style=\"color: #383838;\">Ba\u015fl\u0131k: <\/span><\/strong>Dijital Sergi Ortamlar\u0131n\u0131n Sanatsal \u00dcretim ve G\u00f6r\u00fcn\u00fcrl\u00fck \u00dczerine Etkisi: Uygulamal\u0131 Bir Model \u00d6nerisi<\/p>\n<p style=\"text-align: justify;\"><strong><span style=\"color: #383838;\">Ama\u00e7: <\/span><\/strong>Dijital sergi ortamlar\u0131n\u0131n g\u00fczel sanatlar \u00f6\u011frencilerinin sanatsal \u00fcretim s\u00fcre\u00e7lerine, g\u00f6r\u00fcn\u00fcrl\u00fck d\u00fczeylerine, izleyici ile etkile\u015fim bi\u00e7imlerine olan etkilerini analiz etmektir. Bu ama\u00e7 do\u011frultusunda, Bolu Abant \u0130zzet Baysal \u00dcniversitesi G\u00fczel Sanatlar Fak\u00fcltesi b\u00fcnyesinde kurumsal ve kal\u0131c\u0131 bir sanal sergi platformu geli\u015ftirilecektir. Bu platform hem sergileme mecras\u0131 hem de ara\u015ft\u0131rma ortam\u0131 olarak tasarlanacakt\u0131r.<\/p>\n<p style=\"text-align: justify;\"><span style=\"color: #383838;\"><strong>\u00d6zg\u00fcn De\u011fer:<\/strong><\/span> Sanat \u00fcretimi ve g\u00f6r\u00fcn\u00fcrl\u00fck s\u00fcre\u00e7lerini \u00f6l\u00e7\u00fclebilir hale getiren bir model \u00f6nermektedir. T\u00fcrkiye\u2019de devlet \u00fcniversiteleri \u00f6l\u00e7e\u011finde kurumsal ve s\u00fcrd\u00fcr\u00fclebilir bir sanal sergi platformu geli\u015ftirmeyi hedeflemektedir.<\/p>\n<p style=\"text-align: justify;\"><span style=\"color: #383838;\"><strong>Beklenen Katk\u0131lar:<\/strong><\/span> Fak\u00fcltenin dijital sanat ar\u015fivinin olu\u015fturulmas\u0131, \u00d6\u011frencilerin ve mezunlar\u0131n ulusal ve uluslararas\u0131 g\u00f6r\u00fcn\u00fcrl\u00fc\u011f\u00fcn\u00fcn artmas\u0131, Sergileme maliyetlerinin d\u00fc\u015fmesi, Dijital sanat ar\u015fivcili\u011fine kurumsal katk\u0131, Sanat e\u011fitimi alan\u0131nda veri temelli akademik yay\u0131n \u00fcretimi.<\/p>\n<p style=\"text-align: justify;\"><strong><span style=\"color: #383838;\">Proje S\u00fcresi: <\/span><\/strong> 01.09.2025 &#8211; 01.06.2026 (9 Ay)<\/p>\n<p>[\/et_pb_text][\/et_pb_column][\/et_pb_row][\/et_pb_section][et_pb_section fb_built=&#8221;1&#8243; module_id=&#8221;ekip&#8221; _builder_version=&#8221;4.27.5&#8243; _module_preset=&#8221;default&#8221; background_color=&#8221;#FFFFFF&#8221; custom_padding=&#8221;25px|||||&#8221; global_colors_info=&#8221;{}&#8221;][et_pb_row column_structure=&#8221;2_3,1_3&#8243; _builder_version=&#8221;4.27.5&#8243; _module_preset=&#8221;default&#8221; custom_padding=&#8221;15px|||||&#8221; global_colors_info=&#8221;{}&#8221;][et_pb_column type=&#8221;2_3&#8243; _builder_version=&#8221;4.27.5&#8243; _module_preset=&#8221;default&#8221; global_colors_info=&#8221;{}&#8221;][et_pb_text _builder_version=&#8221;4.27.5&#8243; _module_preset=&#8221;default&#8221; text_font=&#8221;Titillium Web|600|||||||&#8221; text_text_color=&#8221;#383838&#8243; text_font_size=&#8221;28px&#8221; text_line_height=&#8221;2.1em&#8221; custom_margin=&#8221;3px||17px||false|false&#8221; text_font_size_tablet=&#8221;28px&#8221; text_font_size_phone=&#8221;28px&#8221; text_font_size_last_edited=&#8221;on|desktop&#8221; locked=&#8221;off&#8221; global_colors_info=&#8221;{}&#8221;]<\/p>\n<p style=\"text-align: left;\">Proje Ekibi<\/p>\n<p>[\/et_pb_text][et_pb_text _builder_version=&#8221;4.27.5&#8243; _module_preset=&#8221;default&#8221; text_font=&#8221;Titillium Web|600|||||||&#8221; text_text_color=&#8221;#383838&#8243; text_font_size=&#8221;25px&#8221; text_line_height=&#8221;2.1em&#8221; custom_margin=&#8221;auto||6px||false|false&#8221; text_font_size_tablet=&#8221;25px&#8221; text_font_size_phone=&#8221;25px&#8221; text_font_size_last_edited=&#8221;on|desktop&#8221; border_width_bottom=&#8221;1px&#8221; locked=&#8221;off&#8221; global_colors_info=&#8221;{}&#8221;]<\/p>\n<p style=\"text-align: left;\">Y\u00fcr\u00fct\u00fcc\u00fc<\/p>\n<p>[\/et_pb_text][et_pb_text _builder_version=&#8221;4.27.5&#8243; _module_preset=&#8221;default&#8221; text_font=&#8221;Titillium Web||||||||&#8221; text_text_color=&#8221;#000000&#8243; text_font_size=&#8221;16px&#8221; text_line_height=&#8221;2.1em&#8221; custom_margin=&#8221;14px||||false|false&#8221; text_font_size_tablet=&#8221;16px&#8221; text_font_size_phone=&#8221;14px&#8221; text_font_size_last_edited=&#8221;on|phone&#8221; text_line_height_tablet=&#8221;2.1em&#8221; text_line_height_phone=&#8221;1.6em&#8221; text_line_height_last_edited=&#8221;on|phone&#8221; locked=&#8221;off&#8221; global_colors_info=&#8221;{}&#8221;]<\/p>\n<p>Do\u00e7. Dr. Orhun T\u00fcrker \/ Bolu Abant \u0130zzet Baysal \u00dcniversitesi, GSF Grafik Sanatlar<\/p>\n<p>[\/et_pb_text][et_pb_text _builder_version=&#8221;4.27.5&#8243; _module_preset=&#8221;default&#8221; text_font=&#8221;Titillium Web|600|||||||&#8221; text_text_color=&#8221;#383838&#8243; text_font_size=&#8221;25px&#8221; text_line_height=&#8221;2.1em&#8221; custom_margin=&#8221;auto||6px||false|false&#8221; text_font_size_tablet=&#8221;25px&#8221; text_font_size_phone=&#8221;25px&#8221; text_font_size_last_edited=&#8221;on|desktop&#8221; border_width_bottom=&#8221;1px&#8221; locked=&#8221;off&#8221; global_colors_info=&#8221;{}&#8221;]<\/p>\n<p style=\"text-align: left;\">Ara\u015ft\u0131rmac\u0131lar<\/p>\n<p>[\/et_pb_text][et_pb_text _builder_version=&#8221;4.27.5&#8243; _module_preset=&#8221;default&#8221; text_font=&#8221;Titillium Web||||||||&#8221; text_text_color=&#8221;#000000&#8243; text_font_size=&#8221;16px&#8221; text_line_height=&#8221;2.1em&#8221; custom_margin=&#8221;14px||||false|false&#8221; text_font_size_tablet=&#8221;16px&#8221; text_font_size_phone=&#8221;14px&#8221; text_font_size_last_edited=&#8221;on|phone&#8221; text_line_height_tablet=&#8221;2.1em&#8221; text_line_height_phone=&#8221;1.6em&#8221; text_line_height_last_edited=&#8221;on|phone&#8221; locked=&#8221;off&#8221; global_colors_info=&#8221;{}&#8221;]<\/p>\n<p>Do\u00e7. Dr. Melike Bakar F\u0131nd\u0131kc\u0131 \/ Bolu Abant \u0130zzet Baysal \u00dcniversitesi, GSF Grafik Sanatlar<\/p>\n<p>Prof. Dr. Engin U\u011fur \/ Bolu Abant \u0130zzet Baysal \u00dcniversitesi, GSF Grafik Sanatlar<\/p>\n<p>Dr. \u00d6\u011fr. \u00dcyesi Erdem O\u011fuz \/ Bolu Abant \u0130zzet Baysal \u00dcniversitesi, GSF Resim<\/p>\n<p>\u00d6\u011fr. G\u00f6r. Nimet \u00c7elebi \/ Bolu Abant \u0130zzet Baysal \u00dcniversitesi, Rekt\u00f6rl\u00fck<\/p>\n<p>\u00d6\u011fr. G\u00f6r. Bahar Akbulak \/ Bolu Abant \u0130zzet Baysal \u00dcniversitesi, \u0130LEF<\/p>\n<p>Ar\u015f. G\u00f6r. Dr. Abdurrahman \u00d6zdemir \/ Tekirda\u011f Nam\u0131k Kemal \u00dcniversitesi \/ GSTM, Grafik Tasar\u0131m<\/p>\n<p>[\/et_pb_text][\/et_pb_column][et_pb_column type=&#8221;1_3&#8243; _builder_version=&#8221;4.27.5&#8243; _module_preset=&#8221;default&#8221; global_colors_info=&#8221;{}&#8221;][\/et_pb_column][\/et_pb_row][\/et_pb_section][et_pb_section fb_built=&#8221;1&#8243; _builder_version=&#8221;4.27.5&#8243; _module_preset=&#8221;default&#8221; background_color=&#8221;#515151&#8243; custom_margin=&#8221;-5px|||||&#8221; custom_padding=&#8221;43px||43px||true|&#8221; global_module=&#8221;123&#8243; saved_tabs=&#8221;all&#8221; locked=&#8221;off&#8221; global_colors_info=&#8221;{}&#8221;][et_pb_row column_structure=&#8221;2_5,3_5&#8243; _builder_version=&#8221;4.27.5&#8243; _module_preset=&#8221;default&#8221; custom_padding=&#8221;22px||22px||true|&#8221; global_colors_info=&#8221;{}&#8221;][et_pb_column type=&#8221;2_5&#8243; _builder_version=&#8221;4.27.5&#8243; _module_preset=&#8221;default&#8221; global_colors_info=&#8221;{}&#8221;][et_pb_image src=&#8221;https:\/\/sanalgaleri.ibu.edu.tr\/wp-content\/uploads\/2026\/02\/logo-w-home.svg&#8221; title_text=&#8221;logo-w-home&#8221; align_tablet=&#8221;&#8221; align_phone=&#8221;center&#8221; align_last_edited=&#8221;on|phone&#8221; _builder_version=&#8221;4.27.6&#8243; _module_preset=&#8221;default&#8221; width=&#8221;49%&#8221; width_tablet=&#8221;&#8221; width_phone=&#8221;78%&#8221; width_last_edited=&#8221;on|phone&#8221; hover_enabled=&#8221;0&#8243; global_colors_info=&#8221;{}&#8221; custom_margin_last_edited=&#8221;on|phone&#8221; custom_margin_phone=&#8221;-20px||||false|false&#8221; sticky_enabled=&#8221;0&#8243;][\/et_pb_image][et_pb_text _builder_version=&#8221;4.27.6&#8243; _module_preset=&#8221;default&#8221; text_font=&#8221;Titillium Web||||||||&#8221; text_text_color=&#8221;#f2f2f2&#8243; text_font_size=&#8221;12px&#8221; text_orientation_tablet=&#8221;&#8221; text_orientation_phone=&#8221;center&#8221; text_orientation_last_edited=&#8221;on|phone&#8221; global_colors_info=&#8221;{}&#8221;]<\/p>\n<p>Sanal Galeri, Bolu Abant \u0130zzet Baysal \u00dcniversitesi Bilimsel Ara\u015ft\u0131rma Koordinat\u00f6rl\u00fc\u011f\u00fc SOS-2029-19002 koduyla desteklenmeye hak kazanm\u0131\u015f bir proje \u00e7\u0131kt\u0131s\u0131d\u0131r.<\/p>\n<p>[\/et_pb_text][\/et_pb_column][et_pb_column type=&#8221;3_5&#8243; _builder_version=&#8221;4.27.5&#8243; _module_preset=&#8221;default&#8221; global_colors_info=&#8221;{}&#8221;][et_pb_image src=&#8221;https:\/\/sanalgaleri.ibu.edu.tr\/wp-content\/uploads\/2026\/03\/ft-logo2.webp&#8221; title_text=&#8221;ft-logo2&#8243; align=&#8221;right&#8221; align_tablet=&#8221;&#8221; align_phone=&#8221;center&#8221; align_last_edited=&#8221;on|phone&#8221; _builder_version=&#8221;4.27.6&#8243; _module_preset=&#8221;default&#8221; width=&#8221;41%&#8221; width_tablet=&#8221;&#8221; width_phone=&#8221;86%&#8221; width_last_edited=&#8221;on|phone&#8221; module_alignment=&#8221;right&#8221; custom_margin=&#8221;71px||||false|false&#8221; module_alignment_tablet=&#8221;&#8221; module_alignment_phone=&#8221;center&#8221; module_alignment_last_edited=&#8221;on|phone&#8221; global_colors_info=&#8221;{}&#8221;][\/et_pb_image][\/et_pb_column][\/et_pb_row][\/et_pb_section]<\/p>\n","protected":false},"excerpt":{"rendered":"<p>BA\u0130B\u00dc \/\/ GSF Sanal Galeri Platformu, projenin y\u00fcr\u00fct\u00fcc\u00fcs\u00fc Do\u00e7. Dr. Orhun T\u00fcrker taraf\u0131ndan T\u00fcrkiye&#8217;de bir \u00fcniversite b\u00fcnyesinde hayata ge\u00e7irilmi\u015f ilk yerle\u015fik sanal sergi platformudur.<\/p>","protected":false},"author":1,"featured_media":0,"parent":0,"menu_order":0,"comment_status":"closed","ping_status":"closed","template":"","meta":{"_et_pb_use_builder":"on","_et_pb_old_content":"","_et_gb_content_width":"","footnotes":""},"class_list":["post-101","page","type-page","status-publish","hentry"],"_links":{"self":[{"href":"https:\/\/sanalgaleri.ibu.edu.tr\/en\/wp-json\/wp\/v2\/pages\/101","targetHints":{"allow":["GET"]}}],"collection":[{"href":"https:\/\/sanalgaleri.ibu.edu.tr\/en\/wp-json\/wp\/v2\/pages"}],"about":[{"href":"https:\/\/sanalgaleri.ibu.edu.tr\/en\/wp-json\/wp\/v2\/types\/page"}],"author":[{"embeddable":true,"href":"https:\/\/sanalgaleri.ibu.edu.tr\/en\/wp-json\/wp\/v2\/users\/1"}],"replies":[{"embeddable":true,"href":"https:\/\/sanalgaleri.ibu.edu.tr\/en\/wp-json\/wp\/v2\/comments?post=101"}],"version-history":[{"count":21,"href":"https:\/\/sanalgaleri.ibu.edu.tr\/en\/wp-json\/wp\/v2\/pages\/101\/revisions"}],"predecessor-version":[{"id":295,"href":"https:\/\/sanalgaleri.ibu.edu.tr\/en\/wp-json\/wp\/v2\/pages\/101\/revisions\/295"}],"wp:attachment":[{"href":"https:\/\/sanalgaleri.ibu.edu.tr\/en\/wp-json\/wp\/v2\/media?parent=101"}],"curies":[{"name":"wp","href":"https:\/\/api.w.org\/{rel}","templated":true}]}}