{"id":127,"date":"2026-02-15T15:56:03","date_gmt":"2026-02-15T12:56:03","guid":{"rendered":"https:\/\/sanalgaleri.ibu.edu.tr\/?page_id=127"},"modified":"2026-05-13T21:20:20","modified_gmt":"2026-05-13T18:20:20","slug":"sergiler","status":"publish","type":"page","link":"https:\/\/sanalgaleri.ibu.edu.tr\/en\/sergiler\/","title":{"rendered":"Exhibitions"},"content":{"rendered":"<p>[et_pb_section fb_built=&#8221;1&#8243; _builder_version=&#8221;4.27.6&#8243; _module_preset=&#8221;default&#8221; background_color=&#8221;#515151&#8243; custom_padding=&#8221;6px||6px||true|&#8221; animation_style=&#8221;fade&#8221; animation_delay=&#8221;1500ms&#8221; global_module=&#8221;167&#8243; saved_tabs=&#8221;all&#8221; locked=&#8221;off&#8221; global_colors_info=&#8221;{}&#8221;][et_pb_row column_structure=&#8221;1_3,2_3&#8243; _builder_version=&#8221;4.27.5&#8243; _module_preset=&#8221;default&#8221; custom_padding=&#8221;11px||22px||false|false&#8221; global_colors_info=&#8221;{}&#8221;][et_pb_column type=&#8221;1_3&#8243; _builder_version=&#8221;4.27.5&#8243; _module_preset=&#8221;default&#8221; global_colors_info=&#8221;{}&#8221;][et_pb_image src=&#8221;https:\/\/sanalgaleri.ibu.edu.tr\/wp-content\/uploads\/2026\/02\/logo-w-home.svg&#8221; title_text=&#8221;logo-w-home&#8221; module_id=&#8221;logo&#8221; _builder_version=&#8221;4.27.5&#8243; _module_preset=&#8221;default&#8221; width=&#8221;90%&#8221; global_colors_info=&#8221;{}&#8221;][\/et_pb_image][et_pb_image src=&#8221;https:\/\/sanalgaleri.ibu.edu.tr\/wp-content\/uploads\/2026\/02\/logo-w-home.svg&#8221; title_text=&#8221;logo-w-home&#8221; disabled_on=&#8221;on|off|off&#8221; _builder_version=&#8221;4.27.6&#8243; _module_preset=&#8221;default&#8221; width=&#8221;60%&#8221; custom_margin=&#8221;-13px||||false|false&#8221; global_colors_info=&#8221;{}&#8221;][\/et_pb_image][\/et_pb_column][et_pb_column type=&#8221;2_3&#8243; _builder_version=&#8221;4.27.5&#8243; _module_preset=&#8221;default&#8221; global_colors_info=&#8221;{}&#8221;][et_pb_menu menu_style=&#8221;centered&#8221; active_link_color=&#8221;#FFFFFF&#8221; dropdown_menu_bg_color=&#8221;#515151&#8243; dropdown_menu_line_color=&#8221;#f2f2f2&#8243; dropdown_menu_text_color=&#8221;#f2f2f2&#8243; dropdown_menu_active_link_color=&#8221;#f2f2f2&#8243; mobile_menu_bg_color=&#8221;#515151&#8243; mobile_menu_text_color=&#8221;#f2f2f2&#8243; cart_icon_color=&#8221;#FFFFFF&#8221; search_icon_color=&#8221;#FFFFFF&#8221; menu_icon_color=&#8221;#f2f2f2&#8243; _builder_version=&#8221;4.27.6&#8243; _module_preset=&#8221;default&#8221; menu_font=&#8221;Titillium Web||||||||&#8221; menu_text_color=&#8221;rgba(255,255,255,0.6)&#8221; menu_font_size=&#8221;15px&#8221; background_enable_color=&#8221;off&#8221; custom_margin=&#8221;22px||||false|false&#8221; custom_margin_tablet=&#8221;&#8221; custom_margin_phone=&#8221;-22px||||false|false&#8221; custom_margin_last_edited=&#8221;on|phone&#8221; global_colors_info=&#8221;{}&#8221;][\/et_pb_menu][\/et_pb_column][\/et_pb_row][\/et_pb_section][et_pb_section fb_built=&#8221;1&#8243; _builder_version=&#8221;4.27.6&#8243; _module_preset=&#8221;default&#8221; background_color=&#8221;#FFFFFF&#8221; custom_padding=&#8221;||291px||false|false&#8221; global_colors_info=&#8221;{}&#8221;][et_pb_row _builder_version=&#8221;4.27.5&#8243; _module_preset=&#8221;default&#8221; global_colors_info=&#8221;{}&#8221;][et_pb_column type=&#8221;4_4&#8243; _builder_version=&#8221;4.27.5&#8243; _module_preset=&#8221;default&#8221; global_colors_info=&#8221;{}&#8221;][et_pb_text content_tablet=&#8221;<\/p>\n<p style=%22text-align: left;%22>Sergi Ar\u015fivi<\/p>\n<p>&#8221; content_phone=&#8221;<\/p>\n<p style=%22text-align: left;%22>Sergi Ar\u015fivi<\/p>\n<p>&#8221; content_last_edited=&#8221;on|phone&#8221; _builder_version=&#8221;4.27.6&#8243; _module_preset=&#8221;default&#8221; text_font=&#8221;Titillium Web|600|||||||&#8221; text_text_color=&#8221;#383838&#8243; text_font_size=&#8221;28px&#8221; text_line_height=&#8221;2.1em&#8221; custom_margin=&#8221;3px||1px||false|false&#8221; custom_margin_tablet=&#8221;3px||1px||false|false&#8221; custom_margin_phone=&#8221;-41px||1px||false|false&#8221; custom_margin_last_edited=&#8221;on|phone&#8221; custom_padding=&#8221;|||17px||&#8221; text_font_size_tablet=&#8221;28px&#8221; text_font_size_phone=&#8221;28px&#8221; text_font_size_last_edited=&#8221;on|desktop&#8221; locked=&#8221;off&#8221; global_colors_info=&#8221;{}&#8221;]<\/p>\n<p style=\"text-align: left;\">Sergi Ar\u015fivi<\/p>\n<p>[\/et_pb_text][et_pb_text _builder_version=&#8221;4.27.6&#8243; _module_preset=&#8221;default&#8221; text_font=&#8221;Titillium Web||||||||&#8221; text_text_color=&#8221;#000000&#8243; text_font_size=&#8221;15px&#8221; custom_margin=&#8221;|||17px|false|false&#8221; locked=&#8221;off&#8221; global_colors_info=&#8221;{}&#8221;]<\/p>\n<p style=\"text-align: left;\">Bu b\u00f6l\u00fcmde platformda sergilenen g\u00fcncel veya daha \u00f6nce sergilenmi\u015f t\u00fcm sergiler yer almaktad\u0131r.<\/p>\n<p>[\/et_pb_text][et_pb_text _builder_version=&#8221;4.27.6&#8243; _module_preset=&#8221;default&#8221; text_font=&#8221;|600|||||||&#8221; text_text_color=&#8221;#E02B20&#8243; text_font_size=&#8221;17px&#8221; border_width_bottom=&#8221;1px&#8221; border_color_bottom=&#8221;#E02B20&#8243; custom_padding=&#8221;||25px||false|false&#8221; link_option_url=&#8221;https:\/\/sanalgaleri.ibu.edu.tr\/guclu-turkiye-uluslararasi-jurili-poster-tasarimi-sanal-sergisi-2026\/&#8221; hover_enabled=&#8221;0&#8243; sticky_enabled=&#8221;0&#8243;]<\/p>\n<p>G\u00fc\u00e7l\u00fc T\u00fcrkiye Uluslararas\u0131 J\u00fcrili Poster Tasar\u0131m Sergisi\u00a0 \u00a0 \u00a0<em><span style=\"color: #0a0000;\">(Ba\u015fvuruya A\u00e7\u0131k)<\/span><\/em><\/p>\n<p>[\/et_pb_text][et_pb_code _builder_version=&#8221;4.27.5&#8243; _module_preset=&#8221;default&#8221; global_colors_info=&#8221;{}&#8221;]<div class=\"sp-sergi-gallery\" aria-label=\"Sergi yaz\u0131lar\u0131\"><ul class=\"sp-sergi-list\"><li class=\"sp-sergi-item\">\r\n              <a class=\"sp-sergi-link\" href=\"https:\/\/sanalgaleri.ibu.edu.tr\/en\/inuit-turk-international-poster-exhibition\/\">Inuit-Turk International Poster Exhibition<\/a>\r\n            <\/li><li class=\"sp-sergi-item\">\r\n              <a class=\"sp-sergi-link\" href=\"https:\/\/sanalgaleri.ibu.edu.tr\/en\/biah-5-uluslararasi-poster-tasarim-sergisi\/\">BIAH 5 &#8211; Uluslararas\u0131 Poster Tasar\u0131m Sergisi<\/a>\r\n            <\/li><\/ul><\/div>[\/et_pb_code][\/et_pb_column][\/et_pb_row][\/et_pb_section][et_pb_section fb_built=&#8221;1&#8243; _builder_version=&#8221;4.27.5&#8243; _module_preset=&#8221;default&#8221; background_color=&#8221;#515151&#8243; custom_margin=&#8221;-5px|||||&#8221; custom_padding=&#8221;43px||43px||true|&#8221; global_module=&#8221;123&#8243; saved_tabs=&#8221;all&#8221; locked=&#8221;off&#8221; global_colors_info=&#8221;{}&#8221;][et_pb_row column_structure=&#8221;2_5,3_5&#8243; _builder_version=&#8221;4.27.5&#8243; _module_preset=&#8221;default&#8221; custom_padding=&#8221;22px||22px||true|&#8221; global_colors_info=&#8221;{}&#8221;][et_pb_column type=&#8221;2_5&#8243; _builder_version=&#8221;4.27.5&#8243; _module_preset=&#8221;default&#8221; global_colors_info=&#8221;{}&#8221;][et_pb_image src=&#8221;https:\/\/sanalgaleri.ibu.edu.tr\/wp-content\/uploads\/2026\/02\/logo-w-home.svg&#8221; title_text=&#8221;logo-w-home&#8221; align_tablet=&#8221;&#8221; align_phone=&#8221;center&#8221; align_last_edited=&#8221;on|phone&#8221; _builder_version=&#8221;4.27.6&#8243; _module_preset=&#8221;default&#8221; width=&#8221;49%&#8221; width_tablet=&#8221;&#8221; width_phone=&#8221;78%&#8221; width_last_edited=&#8221;on|phone&#8221; custom_margin_tablet=&#8221;&#8221; custom_margin_phone=&#8221;-20px||||false|false&#8221; custom_margin_last_edited=&#8221;on|phone&#8221; global_colors_info=&#8221;{}&#8221;][\/et_pb_image][et_pb_text _builder_version=&#8221;4.27.6&#8243; _module_preset=&#8221;default&#8221; text_font=&#8221;Titillium Web||||||||&#8221; text_text_color=&#8221;#f2f2f2&#8243; text_font_size=&#8221;12px&#8221; text_orientation_tablet=&#8221;&#8221; text_orientation_phone=&#8221;center&#8221; text_orientation_last_edited=&#8221;on|phone&#8221; global_colors_info=&#8221;{}&#8221;]<\/p>\n<p>Sanal Galeri, Bolu Abant \u0130zzet Baysal \u00dcniversitesi Bilimsel Ara\u015ft\u0131rma Koordinat\u00f6rl\u00fc\u011f\u00fc SOS-2029-19002 koduyla desteklenmeye hak kazanm\u0131\u015f bir proje \u00e7\u0131kt\u0131s\u0131d\u0131r.<\/p>\n<p>[\/et_pb_text][\/et_pb_column][et_pb_column type=&#8221;3_5&#8243; _builder_version=&#8221;4.27.5&#8243; _module_preset=&#8221;default&#8221; global_colors_info=&#8221;{}&#8221;][et_pb_image src=&#8221;https:\/\/sanalgaleri.ibu.edu.tr\/wp-content\/uploads\/2026\/03\/ft-logo2.webp&#8221; title_text=&#8221;ft-logo2&#8243; align=&#8221;right&#8221; align_tablet=&#8221;&#8221; align_phone=&#8221;center&#8221; align_last_edited=&#8221;on|phone&#8221; _builder_version=&#8221;4.27.6&#8243; _module_preset=&#8221;default&#8221; width=&#8221;41%&#8221; width_tablet=&#8221;&#8221; width_phone=&#8221;86%&#8221; width_last_edited=&#8221;on|phone&#8221; module_alignment=&#8221;right&#8221; custom_margin=&#8221;71px||||false|false&#8221; module_alignment_tablet=&#8221;&#8221; module_alignment_phone=&#8221;center&#8221; module_alignment_last_edited=&#8221;on|phone&#8221; global_colors_info=&#8221;{}&#8221;][\/et_pb_image][et_pb_text _builder_version=&#8221;4.27.6&#8243; _module_preset=&#8221;default&#8221; text_font=&#8221;Titillium Web||||||||&#8221; text_text_color=&#8221;#f2f2f2&#8243; text_font_size=&#8221;12px&#8221; custom_margin=&#8221;-14px||||false|false&#8221; filter_opacity=&#8221;33%&#8221; link_option_url=&#8221;https:\/\/orhunturker.com\/&#8221; link_option_url_new_window=&#8221;on&#8221; text_orientation_tablet=&#8221;&#8221; text_orientation_phone=&#8221;center&#8221; text_orientation_last_edited=&#8221;on|phone&#8221; global_colors_info=&#8221;{}&#8221;]<\/p>\n<p style=\"text-align: right;\"><em>Web: Orhun T\u00fcrker<\/em><\/p>\n<p>[\/et_pb_text][\/et_pb_column][\/et_pb_row][\/et_pb_section]<\/p>\n","protected":false},"excerpt":{"rendered":"<p>Virtual Gallery is a project output that has been entitled to be supported by Bolu Abant \u0130zzet Baysal University Scientific Research Coordination Office with the code SOS-2029-19002.<\/p>","protected":false},"author":1,"featured_media":0,"parent":0,"menu_order":0,"comment_status":"closed","ping_status":"closed","template":"","meta":{"_et_pb_use_builder":"on","_et_pb_old_content":"","_et_gb_content_width":"","footnotes":""},"class_list":["post-127","page","type-page","status-publish","hentry"],"_links":{"self":[{"href":"https:\/\/sanalgaleri.ibu.edu.tr\/en\/wp-json\/wp\/v2\/pages\/127","targetHints":{"allow":["GET"]}}],"collection":[{"href":"https:\/\/sanalgaleri.ibu.edu.tr\/en\/wp-json\/wp\/v2\/pages"}],"about":[{"href":"https:\/\/sanalgaleri.ibu.edu.tr\/en\/wp-json\/wp\/v2\/types\/page"}],"author":[{"embeddable":true,"href":"https:\/\/sanalgaleri.ibu.edu.tr\/en\/wp-json\/wp\/v2\/users\/1"}],"replies":[{"embeddable":true,"href":"https:\/\/sanalgaleri.ibu.edu.tr\/en\/wp-json\/wp\/v2\/comments?post=127"}],"version-history":[{"count":24,"href":"https:\/\/sanalgaleri.ibu.edu.tr\/en\/wp-json\/wp\/v2\/pages\/127\/revisions"}],"predecessor-version":[{"id":443,"href":"https:\/\/sanalgaleri.ibu.edu.tr\/en\/wp-json\/wp\/v2\/pages\/127\/revisions\/443"}],"wp:attachment":[{"href":"https:\/\/sanalgaleri.ibu.edu.tr\/en\/wp-json\/wp\/v2\/media?parent=127"}],"curies":[{"name":"wp","href":"https:\/\/api.w.org\/{rel}","templated":true}]}}